{"id":1599,"date":"2014-10-17T10:03:21","date_gmt":"2014-10-17T10:03:21","guid":{"rendered":"https:\/\/www.laclauelite.com\/?page_id=1599"},"modified":"2014-10-19T18:48:08","modified_gmt":"2014-10-19T18:48:08","slug":"mapa-del-lloc","status":"publish","type":"page","link":"https:\/\/www.laclauelite.com\/ca\/mapa-del-lloc\/","title":{"rendered":"Mapa del lloc"},"content":{"rendered":"","protected":false},"excerpt":{"rendered":"","protected":false},"author":1,"featured_media":0,"parent":0,"menu_order":0,"comment_status":"open","ping_status":"closed","template":"template-sitemap.php","meta":{"footnotes":""},"yoast_head":"<!-- This site is optimized with the Yoast SEO plugin v21.6 - https:\/\/yoast.com\/wordpress\/plugins\/seo\/ -->\n<title>Mapa del lloc - Finques La Clau Elite.<\/title>\n<meta name=\"description\" content=\"Accedint al mapa del lloc accedeix a qualsevol de les nostres p\u00e0gines d&#039;una forma r\u00e0pida i senzilla, on trobar\u00e0s tota la informaci\u00f3 necess\u00e0ria.\" \/>\n<meta name=\"robots\" content=\"index, follow, max-snippet:-1, max-image-preview:large, max-video-preview:-1\" \/>\n<link rel=\"canonical\" href=\"https:\/\/www.laclauelite.com\/ca\/mapa-del-lloc\/\" \/>\n<meta property=\"og:locale\" content=\"ca_ES\" \/>\n<meta property=\"og:type\" content=\"article\" \/>\n<meta property=\"og:title\" content=\"Mapa del lloc - Finques La Clau Elite.\" \/>\n<meta property=\"og:description\" content=\"Accedint al mapa del lloc accedeix a qualsevol de les nostres p\u00e0gines d&#039;una forma r\u00e0pida i senzilla, on trobar\u00e0s tota la informaci\u00f3 necess\u00e0ria.\" \/>\n<meta property=\"og:url\" content=\"https:\/\/www.laclauelite.com\/ca\/mapa-del-lloc\/\" \/>\n<meta property=\"og:site_name\" content=\"La Clau Elite\" \/>\n<meta property=\"article:modified_time\" content=\"2014-10-19T18:48:08+00:00\" \/>\n<script type=\"application\/ld+json\" class=\"yoast-schema-graph\">{\"@context\":\"https:\/\/schema.org\",\"@graph\":[{\"@type\":\"WebPage\",\"@id\":\"https:\/\/www.laclauelite.com\/ca\/mapa-del-lloc\/\",\"url\":\"https:\/\/www.laclauelite.com\/ca\/mapa-del-lloc\/\",\"name\":\"Mapa del lloc - Finques La Clau Elite.\",\"isPartOf\":{\"@id\":\"https:\/\/www.laclauelite.com\/#website\"},\"datePublished\":\"2014-10-17T10:03:21+00:00\",\"dateModified\":\"2014-10-19T18:48:08+00:00\",\"description\":\"Accedint al mapa del lloc accedeix a qualsevol de les nostres p\u00e0gines d'una forma r\u00e0pida i senzilla, on trobar\u00e0s tota la informaci\u00f3 necess\u00e0ria.\",\"breadcrumb\":{\"@id\":\"https:\/\/www.laclauelite.com\/ca\/mapa-del-lloc\/#breadcrumb\"},\"inLanguage\":\"ca\",\"potentialAction\":[{\"@type\":\"ReadAction\",\"target\":[\"https:\/\/www.laclauelite.com\/ca\/mapa-del-lloc\/\"]}]},{\"@type\":\"BreadcrumbList\",\"@id\":\"https:\/\/www.laclauelite.com\/ca\/mapa-del-lloc\/#breadcrumb\",\"itemListElement\":[{\"@type\":\"ListItem\",\"position\":1,\"name\":\"Portada\",\"item\":\"https:\/\/www.laclauelite.com\/\"},{\"@type\":\"ListItem\",\"position\":2,\"name\":\"Mapa del lloc\"}]},{\"@type\":\"WebSite\",\"@id\":\"https:\/\/www.laclauelite.com\/#website\",\"url\":\"https:\/\/www.laclauelite.com\/\",\"name\":\"La Clau Elite\",\"description\":\"\",\"potentialAction\":[{\"@type\":\"SearchAction\",\"target\":{\"@type\":\"EntryPoint\",\"urlTemplate\":\"https:\/\/www.laclauelite.com\/?s={search_term_string}\"},\"query-input\":\"required name=search_term_string\"}],\"inLanguage\":\"ca\"}]}<\/script>\n<!-- \/ Yoast SEO plugin. -->","yoast_head_json":{"title":"Mapa del lloc - Finques La Clau Elite.","description":"Accedint al mapa del lloc accedeix a qualsevol de les nostres p\u00e0gines d'una forma r\u00e0pida i senzilla, on trobar\u00e0s tota la informaci\u00f3 necess\u00e0ria.","robots":{"index":"index","follow":"follow","max-snippet":"max-snippet:-1","max-image-preview":"max-image-preview:large","max-video-preview":"max-video-preview:-1"},"canonical":"https:\/\/www.laclauelite.com\/ca\/mapa-del-lloc\/","og_locale":"ca_ES","og_type":"article","og_title":"Mapa del lloc - Finques La Clau Elite.","og_description":"Accedint al mapa del lloc accedeix a qualsevol de les nostres p\u00e0gines d'una forma r\u00e0pida i senzilla, on trobar\u00e0s tota la informaci\u00f3 necess\u00e0ria.","og_url":"https:\/\/www.laclauelite.com\/ca\/mapa-del-lloc\/","og_site_name":"La Clau Elite","article_modified_time":"2014-10-19T18:48:08+00:00","schema":{"@context":"https:\/\/schema.org","@graph":[{"@type":"WebPage","@id":"https:\/\/www.laclauelite.com\/ca\/mapa-del-lloc\/","url":"https:\/\/www.laclauelite.com\/ca\/mapa-del-lloc\/","name":"Mapa del lloc - Finques La Clau Elite.","isPartOf":{"@id":"https:\/\/www.laclauelite.com\/#website"},"datePublished":"2014-10-17T10:03:21+00:00","dateModified":"2014-10-19T18:48:08+00:00","description":"Accedint al mapa del lloc accedeix a qualsevol de les nostres p\u00e0gines d'una forma r\u00e0pida i senzilla, on trobar\u00e0s tota la informaci\u00f3 necess\u00e0ria.","breadcrumb":{"@id":"https:\/\/www.laclauelite.com\/ca\/mapa-del-lloc\/#breadcrumb"},"inLanguage":"ca","potentialAction":[{"@type":"ReadAction","target":["https:\/\/www.laclauelite.com\/ca\/mapa-del-lloc\/"]}]},{"@type":"BreadcrumbList","@id":"https:\/\/www.laclauelite.com\/ca\/mapa-del-lloc\/#breadcrumb","itemListElement":[{"@type":"ListItem","position":1,"name":"Portada","item":"https:\/\/www.laclauelite.com\/"},{"@type":"ListItem","position":2,"name":"Mapa del lloc"}]},{"@type":"WebSite","@id":"https:\/\/www.laclauelite.com\/#website","url":"https:\/\/www.laclauelite.com\/","name":"La Clau Elite","description":"","potentialAction":[{"@type":"SearchAction","target":{"@type":"EntryPoint","urlTemplate":"https:\/\/www.laclauelite.com\/?s={search_term_string}"},"query-input":"required name=search_term_string"}],"inLanguage":"ca"}]}},"_links":{"self":[{"href":"https:\/\/www.laclauelite.com\/ca\/wp-json\/wp\/v2\/pages\/1599"}],"collection":[{"href":"https:\/\/www.laclauelite.com\/ca\/wp-json\/wp\/v2\/pages"}],"about":[{"href":"https:\/\/www.laclauelite.com\/ca\/wp-json\/wp\/v2\/types\/page"}],"author":[{"embeddable":true,"href":"https:\/\/www.laclauelite.com\/ca\/wp-json\/wp\/v2\/users\/1"}],"replies":[{"embeddable":true,"href":"https:\/\/www.laclauelite.com\/ca\/wp-json\/wp\/v2\/comments?post=1599"}],"version-history":[{"count":1,"href":"https:\/\/www.laclauelite.com\/ca\/wp-json\/wp\/v2\/pages\/1599\/revisions"}],"predecessor-version":[{"id":1600,"href":"https:\/\/www.laclauelite.com\/ca\/wp-json\/wp\/v2\/pages\/1599\/revisions\/1600"}],"wp:attachment":[{"href":"https:\/\/www.laclauelite.com\/ca\/wp-json\/wp\/v2\/media?parent=1599"}],"curies":[{"name":"wp","href":"https:\/\/api.w.org\/{rel}","templated":true}]}}