{"id":8337,"date":"2021-09-24T12:12:28","date_gmt":"2021-09-24T12:12:28","guid":{"rendered":"https:\/\/www.laclauelite.com\/chalets-lujo-sitges-2\/"},"modified":"2021-09-24T12:12:28","modified_gmt":"2021-09-24T12:12:28","slug":"chalets-lujo-sitges-2","status":"publish","type":"page","link":"https:\/\/www.laclauelite.com\/fr\/chalets-lujo-sitges-2\/","title":{"rendered":"Chalets de lujo en Sitges"},"content":{"rendered":"\t\t<div data-elementor-type=\"wp-page\" data-elementor-id=\"8337\" class=\"elementor elementor-8337 elementor-8262\">\n\t\t\t\t\t\t\t\t\t<section class=\"elementor-section elementor-top-section elementor-element elementor-element-744a6177 elementor-section-full_width elementor-section-content-middle elementor-section-stretched animated-slow elementor-section-height-default elementor-section-height-default elementor-invisible\" data-id=\"744a6177\" data-element_type=\"section\" data-settings=\"{&quot;background_background&quot;:&quot;video&quot;,&quot;stretch_section&quot;:&quot;section-stretched&quot;,&quot;shape_divider_bottom&quot;:&quot;mountains&quot;,&quot;animation&quot;:&quot;fadeIn&quot;}\">\n\t\t\t\t\t\t\t<div class=\"elementor-background-overlay\"><\/div>\n\t\t\t\t\t\t<div class=\"elementor-shape elementor-shape-bottom\" data-negative=\"false\">\n\t\t\t<svg xmlns=\"http:\/\/www.w3.org\/2000\/svg\" viewBox=\"0 0 1000 100\" preserveAspectRatio=\"none\">\n\t<path class=\"elementor-shape-fill\" opacity=\"0.33\" d=\"M473,67.3c-203.9,88.3-263.1-34-320.3,0C66,119.1,0,59.7,0,59.7V0h1000v59.7 c0,0-62.1,26.1-94.9,29.3c-32.8,3.3-62.8-12.3-75.8-22.1C806,49.6,745.3,8.7,694.9,4.7S492.4,59,473,67.3z\"\/>\n\t<path class=\"elementor-shape-fill\" opacity=\"0.66\" d=\"M734,67.3c-45.5,0-77.2-23.2-129.1-39.1c-28.6-8.7-150.3-10.1-254,39.1 s-91.7-34.4-149.2,0C115.7,118.3,0,39.8,0,39.8V0h1000v36.5c0,0-28.2-18.5-92.1-18.5C810.2,18.1,775.7,67.3,734,67.3z\"\/>\n\t<path class=\"elementor-shape-fill\" d=\"M766.1,28.9c-200-57.5-266,65.5-395.1,19.5C242,1.8,242,5.4,184.8,20.6C128,35.8,132.3,44.9,89.9,52.5C28.6,63.7,0,0,0,0 h1000c0,0-9.9,40.9-83.6,48.1S829.6,47,766.1,28.9z\"\/>\n<\/svg>\t\t<\/div>\n\t\t\t\t\t<div class=\"elementor-container elementor-column-gap-no\">\n\t\t\t\t\t<div class=\"elementor-column elementor-col-100 elementor-top-column elementor-element elementor-element-3c184103\" data-id=\"3c184103\" data-element_type=\"column\">\n\t\t\t<div class=\"elementor-widget-wrap elementor-element-populated\">\n\t\t\t\t\t\t\t\t<div class=\"elementor-element elementor-element-2c896fab animated-slow elementor-invisible elementor-widget elementor-widget-heading\" data-id=\"2c896fab\" data-element_type=\"widget\" data-settings=\"{&quot;_animation&quot;:&quot;fadeInUp&quot;}\" data-widget_type=\"heading.default\">\n\t\t\t\t<div class=\"elementor-widget-container\">\n\t\t\t<style>\/*! elementor - v3.18.0 - 04-12-2023 *\/\n.elementor-heading-title{padding:0;margin:0;line-height:1}.elementor-widget-heading .elementor-heading-title[class*=elementor-size-]>a{color:inherit;font-size:inherit;line-height:inherit}.elementor-widget-heading .elementor-heading-title.elementor-size-small{font-size:15px}.elementor-widget-heading .elementor-heading-title.elementor-size-medium{font-size:19px}.elementor-widget-heading .elementor-heading-title.elementor-size-large{font-size:29px}.elementor-widget-heading .elementor-heading-title.elementor-size-xl{font-size:39px}.elementor-widget-heading .elementor-heading-title.elementor-size-xxl{font-size:59px}<\/style><h2 class=\"elementor-heading-title elementor-size-default\">\u00bfQuiere invertir en\u00a0chalets <br>de lujo en Sitges?<\/h2>\t\t<\/div>\n\t\t\t\t<\/div>\n\t\t\t\t\t<\/div>\n\t\t<\/div>\n\t\t\t\t\t\t\t<\/div>\n\t\t<\/section>\n\t\t\t\t<section class=\"elementor-section elementor-top-section elementor-element elementor-element-a3cc554 elementor-section-content-middle elementor-section-full_width elementor-section-stretched animated-slow elementor-section-height-default elementor-section-height-default elementor-invisible\" data-id=\"a3cc554\" data-element_type=\"section\" data-settings=\"{&quot;background_background&quot;:&quot;classic&quot;,&quot;stretch_section&quot;:&quot;section-stretched&quot;,&quot;animation&quot;:&quot;fadeInUp&quot;,&quot;animation_delay&quot;:0}\">\n\t\t\t\t\t\t\t<div class=\"elementor-background-overlay\"><\/div>\n\t\t\t\t\t\t\t<div class=\"elementor-container elementor-column-gap-wide\">\n\t\t\t\t\t<div class=\"elementor-column elementor-col-50 elementor-top-column elementor-element elementor-element-25caf47 animated-slow elementor-invisible\" data-id=\"25caf47\" data-element_type=\"column\" data-settings=\"{&quot;background_background&quot;:&quot;classic&quot;,&quot;animation&quot;:&quot;slideInLeft&quot;}\">\n\t\t\t<div class=\"elementor-widget-wrap elementor-element-populated\">\n\t\t\t\t\t\t\t\t<div class=\"elementor-element elementor-element-7b61e1f elementor-widget elementor-widget-spacer\" data-id=\"7b61e1f\" data-element_type=\"widget\" data-widget_type=\"spacer.default\">\n\t\t\t\t<div class=\"elementor-widget-container\">\n\t\t\t<style>\/*! elementor - v3.18.0 - 04-12-2023 *\/\n.elementor-column .elementor-spacer-inner{height:var(--spacer-size)}.e-con{--container-widget-width:100%}.e-con-inner>.elementor-widget-spacer,.e-con>.elementor-widget-spacer{width:var(--container-widget-width,var(--spacer-size));--align-self:var(--container-widget-align-self,initial);--flex-shrink:0}.e-con-inner>.elementor-widget-spacer>.elementor-widget-container,.e-con>.elementor-widget-spacer>.elementor-widget-container{height:100%;width:100%}.e-con-inner>.elementor-widget-spacer>.elementor-widget-container>.elementor-spacer,.e-con>.elementor-widget-spacer>.elementor-widget-container>.elementor-spacer{height:100%}.e-con-inner>.elementor-widget-spacer>.elementor-widget-container>.elementor-spacer>.elementor-spacer-inner,.e-con>.elementor-widget-spacer>.elementor-widget-container>.elementor-spacer>.elementor-spacer-inner{height:var(--container-widget-height,var(--spacer-size))}.e-con-inner>.elementor-widget-spacer.elementor-widget-empty,.e-con>.elementor-widget-spacer.elementor-widget-empty{position:relative;min-height:22px;min-width:22px}.e-con-inner>.elementor-widget-spacer.elementor-widget-empty .elementor-widget-empty-icon,.e-con>.elementor-widget-spacer.elementor-widget-empty .elementor-widget-empty-icon{position:absolute;top:0;bottom:0;left:0;right:0;margin:auto;padding:0;width:22px;height:22px}<\/style>\t\t<div class=\"elementor-spacer\">\n\t\t\t<div class=\"elementor-spacer-inner\"><\/div>\n\t\t<\/div>\n\t\t\t\t<\/div>\n\t\t\t\t<\/div>\n\t\t\t\t\t<\/div>\n\t\t<\/div>\n\t\t\t\t<div class=\"elementor-column elementor-col-50 elementor-top-column elementor-element elementor-element-386b9cc animated-slow elementor-invisible\" data-id=\"386b9cc\" data-element_type=\"column\" data-settings=\"{&quot;animation&quot;:&quot;slideInRight&quot;}\">\n\t\t\t<div class=\"elementor-widget-wrap elementor-element-populated\">\n\t\t\t\t\t\t\t\t<div class=\"elementor-element elementor-element-15f28e2 elementor-widget elementor-widget-accordion\" data-id=\"15f28e2\" data-element_type=\"widget\" data-widget_type=\"accordion.default\">\n\t\t\t\t<div class=\"elementor-widget-container\">\n\t\t\t<style>\/*! elementor - v3.18.0 - 04-12-2023 *\/\n.elementor-accordion{text-align:left}.elementor-accordion .elementor-accordion-item{border:1px solid #d5d8dc}.elementor-accordion .elementor-accordion-item+.elementor-accordion-item{border-top:none}.elementor-accordion .elementor-tab-title{margin:0;padding:15px 20px;font-weight:700;line-height:1;cursor:pointer;outline:none}.elementor-accordion .elementor-tab-title .elementor-accordion-icon{display:inline-block;width:1.5em}.elementor-accordion .elementor-tab-title .elementor-accordion-icon svg{width:1em;height:1em}.elementor-accordion .elementor-tab-title .elementor-accordion-icon.elementor-accordion-icon-right{float:right;text-align:right}.elementor-accordion .elementor-tab-title .elementor-accordion-icon.elementor-accordion-icon-left{float:left;text-align:left}.elementor-accordion .elementor-tab-title .elementor-accordion-icon .elementor-accordion-icon-closed{display:block}.elementor-accordion .elementor-tab-title .elementor-accordion-icon .elementor-accordion-icon-opened,.elementor-accordion .elementor-tab-title.elementor-active .elementor-accordion-icon-closed{display:none}.elementor-accordion .elementor-tab-title.elementor-active .elementor-accordion-icon-opened{display:block}.elementor-accordion .elementor-tab-content{display:none;padding:15px 20px;border-top:1px solid #d5d8dc}@media (max-width:767px){.elementor-accordion .elementor-tab-title{padding:12px 15px}.elementor-accordion .elementor-tab-title .elementor-accordion-icon{width:1.2em}.elementor-accordion .elementor-tab-content{padding:7px 15px}}.e-con-inner>.elementor-widget-accordion,.e-con>.elementor-widget-accordion{width:var(--container-widget-width);--flex-grow:var(--container-widget-flex-grow)}<\/style>\t\t<div class=\"elementor-accordion\">\n\t\t\t\t\t\t\t<div class=\"elementor-accordion-item\">\n\t\t\t\t\t<h2 id=\"elementor-tab-title-2301\" class=\"elementor-tab-title\" data-tab=\"1\" role=\"button\" aria-controls=\"elementor-tab-content-2301\" aria-expanded=\"false\">\n\t\t\t\t\t\t\t\t\t\t\t\t\t<span class=\"elementor-accordion-icon elementor-accordion-icon-right\" aria-hidden=\"true\">\n\t\t\t\t\t\t\t\t\t\t\t\t\t\t\t<span class=\"elementor-accordion-icon-closed\"><i class=\"fas fa-chevron-circle-down\"><\/i><\/span>\n\t\t\t\t\t\t\t\t<span class=\"elementor-accordion-icon-opened\"><i class=\"fas fa-chevron-circle-up\"><\/i><\/span>\n\t\t\t\t\t\t\t\t\t\t\t\t\t\t<\/span>\n\t\t\t\t\t\t\t\t\t\t\t\t<a class=\"elementor-accordion-title\" tabindex=\"0\">Si est\u00e1 algo indeciso<\/a>\n\t\t\t\t\t<\/h2>\n\t\t\t\t\t<div id=\"elementor-tab-content-2301\" class=\"elementor-tab-content elementor-clearfix\" data-tab=\"1\" role=\"region\" aria-labelledby=\"elementor-tab-title-2301\"><p style=\"text-align: justify;\">Aqu\u00ed le presentamos el porqu\u00e9 deber\u00eda invertir en\u00a0\u00a0chalet de lujo en Sitges. Aunque desde el principio le decimos que no se arrepentir\u00e1.<\/p><p>En primer lugar, Sitges se caracteriza por tener una ampl\u00edsima oferta de costa. Podr\u00e1 elegir entre 17 playas distintas cada una con su peculiaridad. \u00bfLe gustar\u00eda disfrutar de un atardecer en una cala tranquila y sin apenas gente? Pues en Sitges la encontrar\u00e1 y disfrutara sin ning\u00fan tipo de problema, o si por otro lado prefiere una playa grande y amplia donde sus hijos puedan jugar con completa tranquilidad,\u00a0\u00a1Pues en este pueblo con tanto encanto tambi\u00e9n estar\u00e1 disponible para usted! Todo esto sin decir que hasta seis playas de esta zona han recibido el <a title=\"Siguiendo este enlace podr\u00e1 saber que es el certificado ISO14001\" href=\"http:\/\/es.wikipedia.org\/wiki\/ISO_14000\" target=\"_blank\" rel=\"nofollow noopener\">certificado ISO 14.001<\/a> debido a la gran calidad de sus aguas, servicios, socorrismo, estado de la arena y limpieza en general de todas sus costas.<\/p><p style=\"text-align: justify;\">\u00a0<\/p><\/div>\n\t\t\t\t<\/div>\n\t\t\t\t\t\t\t<div class=\"elementor-accordion-item\">\n\t\t\t\t\t<h2 id=\"elementor-tab-title-2302\" class=\"elementor-tab-title\" data-tab=\"2\" role=\"button\" aria-controls=\"elementor-tab-content-2302\" aria-expanded=\"false\">\n\t\t\t\t\t\t\t\t\t\t\t\t\t<span class=\"elementor-accordion-icon elementor-accordion-icon-right\" aria-hidden=\"true\">\n\t\t\t\t\t\t\t\t\t\t\t\t\t\t\t<span class=\"elementor-accordion-icon-closed\"><i class=\"fas fa-chevron-circle-down\"><\/i><\/span>\n\t\t\t\t\t\t\t\t<span class=\"elementor-accordion-icon-opened\"><i class=\"fas fa-chevron-circle-up\"><\/i><\/span>\n\t\t\t\t\t\t\t\t\t\t\t\t\t\t<\/span>\n\t\t\t\t\t\t\t\t\t\t\t\t<a class=\"elementor-accordion-title\" tabindex=\"0\">Localizaci\u00f3n<\/a>\n\t\t\t\t\t<\/h2>\n\t\t\t\t\t<div id=\"elementor-tab-content-2302\" class=\"elementor-tab-content elementor-clearfix\" data-tab=\"2\" role=\"region\" aria-labelledby=\"elementor-tab-title-2302\"><p>Situada a tan solo 39 kil\u00f3metros de la ciudad condal, Sitges se ha convertido en <a title=\"Siguiendo este enlace podr\u00e1 ampliar esta informaci\u00f3n.\" href=\"http:\/\/www.telam.com.ar\/notas\/201406\/67638-turismo-sitges-espana.html\" target=\"_blank\" rel=\"noopener\">uno de los destinos tur\u00edsticos preferidos<\/a> tanto para espa\u00f1oles como extranjeros. \u00bfPero cu\u00e1les son las causas de esta tan buena acogida? Primero, porque se trata de un emplazamiento situado a orillas del mediterr\u00e1neo y por tanto ofrece unas magn\u00edficas vistas junto a unas temperaturas realmente agradables durante toda la \u00e9poca del a\u00f1o.\u00a0Adem\u00e1s, tambi\u00e9n se caracteriza por ofrecer una amplia gama de servicios destinados al \u00e1mbito tur\u00edstico como pueden ser hoteles, restaurantes, playas perfectamente acondicionadas y adem\u00e1s es el pueblo con m\u00e1s cantidad de puertos deportivos de toda Espa\u00f1a como son el de Ginesta, Garraf y Aiguadol\u00e7.<\/p><\/div>\n\t\t\t\t<\/div>\n\t\t\t\t\t\t\t<div class=\"elementor-accordion-item\">\n\t\t\t\t\t<h2 id=\"elementor-tab-title-2303\" class=\"elementor-tab-title\" data-tab=\"3\" role=\"button\" aria-controls=\"elementor-tab-content-2303\" aria-expanded=\"false\">\n\t\t\t\t\t\t\t\t\t\t\t\t\t<span class=\"elementor-accordion-icon elementor-accordion-icon-right\" aria-hidden=\"true\">\n\t\t\t\t\t\t\t\t\t\t\t\t\t\t\t<span class=\"elementor-accordion-icon-closed\"><i class=\"fas fa-chevron-circle-down\"><\/i><\/span>\n\t\t\t\t\t\t\t\t<span class=\"elementor-accordion-icon-opened\"><i class=\"fas fa-chevron-circle-up\"><\/i><\/span>\n\t\t\t\t\t\t\t\t\t\t\t\t\t\t<\/span>\n\t\t\t\t\t\t\t\t\t\t\t\t<a class=\"elementor-accordion-title\" tabindex=\"0\">Regi\u00f3n en auge<\/a>\n\t\t\t\t\t<\/h2>\n\t\t\t\t\t<div id=\"elementor-tab-content-2303\" class=\"elementor-tab-content elementor-clearfix\" data-tab=\"3\" role=\"region\" aria-labelledby=\"elementor-tab-title-2303\"><p style=\"color: #ffff; text-align: justify;\">Otro aspecto muy importante a tener en cuenta, es la expl\u00e9ndida situaci\u00f3n que se le presenta al inversor, ya que estamos en una regi\u00f3n en auge, en la que las inversiones inmobiliarias han crecido m\u00e1s de un 50% durante el a\u00f1o 2013. Somos muy conscientes de lo que buscan nuestros clientes. Por esta raz\u00f3n, siempre estaremos dispuestos a darles y ofrecerles lo mejor. Tenemos a su entera disposici\u00f3n todo tipo de <a title=\"Accede desde aqu\u00ed a nuestra oferta de casas de lujo.\" href=\"https:\/\/www.laclauelite.com\/casas-de-lujo\/#\" target=\"_blank\" rel=\"nofollow noopener\">chalets de lujo en Sitges<\/a> que se ajustar\u00e1n siempre a sus necesidades. Adem\u00e1s, usted podr\u00e1 elegir entre un amplio cat\u00e1logo de viviendas con las mejores instalaciones y servicio de vigilancia durante las 24 horas del d\u00eda. De nada sirve ofrecer al cliente algo de gran calidad si despu\u00e9s no se ajusta a su gusto. Por ello, antes de ofrecerle cualquier vivienda exclusiva, lo primero que haremos ser\u00e1\u00a0conocer plenamente\u00a0sus necesidades. As\u00ed \u00a0usted har\u00e1 una compra con la que quedar\u00e1 completamente satisfecho.<\/p><\/div>\n\t\t\t\t<\/div>\n\t\t\t\t\t\t\t\t<\/div>\n\t\t\t\t<\/div>\n\t\t\t\t<\/div>\n\t\t\t\t\t<\/div>\n\t\t<\/div>\n\t\t\t\t\t\t\t<\/div>\n\t\t<\/section>\n\t\t\t\t\t\t\t<\/div>\n\t\t","protected":false},"excerpt":{"rendered":"<p>\u00bfQuiere invertir en\u00a0chalets de lujo en Sitges? Si est\u00e1 algo indeciso Aqu\u00ed le presentamos el porqu\u00e9 deber\u00eda invertir en\u00a0\u00a0chalet de lujo en Sitges. Aunque desde el principio le decimos que no se arrepentir\u00e1. En primer lugar, Sitges se caracteriza por tener una ampl\u00edsima oferta de costa. Podr\u00e1 elegir entre 17 playas distintas cada una con [&hellip;]<\/p>\n","protected":false},"author":6,"featured_media":0,"parent":0,"menu_order":0,"comment_status":"closed","ping_status":"closed","template":"template\/template-homepage.php","meta":{"footnotes":""},"yoast_head":"<!-- This site is optimized with the Yoast SEO plugin v21.6 - https:\/\/yoast.com\/wordpress\/plugins\/seo\/ -->\n<title>Chalets de lujo en Sitges - La Clau Elite<\/title>\n<meta name=\"robots\" content=\"index, follow, max-snippet:-1, max-image-preview:large, max-video-preview:-1\" \/>\n<link rel=\"canonical\" href=\"https:\/\/www.laclauelite.com\/fr\/chalets-lujo-sitges-2\/\" \/>\n<meta property=\"og:locale\" content=\"fr_FR\" \/>\n<meta property=\"og:type\" content=\"article\" \/>\n<meta property=\"og:title\" content=\"Chalets de lujo en Sitges - La Clau Elite\" \/>\n<meta property=\"og:description\" content=\"\u00bfQuiere invertir en\u00a0chalets de lujo en Sitges? Si est\u00e1 algo indeciso Aqu\u00ed le presentamos el porqu\u00e9 deber\u00eda invertir en\u00a0\u00a0chalet de lujo en Sitges. Aunque desde el principio le decimos que no se arrepentir\u00e1. En primer lugar, Sitges se caracteriza por tener una ampl\u00edsima oferta de costa. Podr\u00e1 elegir entre 17 playas distintas cada una con [&hellip;]\" \/>\n<meta property=\"og:url\" content=\"https:\/\/www.laclauelite.com\/fr\/chalets-lujo-sitges-2\/\" \/>\n<meta property=\"og:site_name\" content=\"La Clau Elite\" \/>\n<meta name=\"twitter:label1\" content=\"Dur\u00e9e de lecture estim\u00e9e\" \/>\n\t<meta name=\"twitter:data1\" content=\"2 minutes\" \/>\n<script type=\"application\/ld+json\" class=\"yoast-schema-graph\">{\"@context\":\"https:\/\/schema.org\",\"@graph\":[{\"@type\":\"WebPage\",\"@id\":\"https:\/\/www.laclauelite.com\/fr\/chalets-lujo-sitges-2\/\",\"url\":\"https:\/\/www.laclauelite.com\/fr\/chalets-lujo-sitges-2\/\",\"name\":\"Chalets de lujo en Sitges - La Clau Elite\",\"isPartOf\":{\"@id\":\"https:\/\/www.laclauelite.com\/#website\"},\"datePublished\":\"2021-09-24T12:12:28+00:00\",\"dateModified\":\"2021-09-24T12:12:28+00:00\",\"breadcrumb\":{\"@id\":\"https:\/\/www.laclauelite.com\/fr\/chalets-lujo-sitges-2\/#breadcrumb\"},\"inLanguage\":\"fr-FR\",\"potentialAction\":[{\"@type\":\"ReadAction\",\"target\":[\"https:\/\/www.laclauelite.com\/fr\/chalets-lujo-sitges-2\/\"]}]},{\"@type\":\"BreadcrumbList\",\"@id\":\"https:\/\/www.laclauelite.com\/fr\/chalets-lujo-sitges-2\/#breadcrumb\",\"itemListElement\":[{\"@type\":\"ListItem\",\"position\":1,\"name\":\"Portada\",\"item\":\"https:\/\/www.laclauelite.com\/\"},{\"@type\":\"ListItem\",\"position\":2,\"name\":\"Chalets de lujo en Sitges\"}]},{\"@type\":\"WebSite\",\"@id\":\"https:\/\/www.laclauelite.com\/#website\",\"url\":\"https:\/\/www.laclauelite.com\/\",\"name\":\"La Clau Elite\",\"description\":\"\",\"potentialAction\":[{\"@type\":\"SearchAction\",\"target\":{\"@type\":\"EntryPoint\",\"urlTemplate\":\"https:\/\/www.laclauelite.com\/?s={search_term_string}\"},\"query-input\":\"required name=search_term_string\"}],\"inLanguage\":\"fr-FR\"}]}<\/script>\n<!-- \/ Yoast SEO plugin. -->","yoast_head_json":{"title":"Chalets de lujo en Sitges - La Clau Elite","robots":{"index":"index","follow":"follow","max-snippet":"max-snippet:-1","max-image-preview":"max-image-preview:large","max-video-preview":"max-video-preview:-1"},"canonical":"https:\/\/www.laclauelite.com\/fr\/chalets-lujo-sitges-2\/","og_locale":"fr_FR","og_type":"article","og_title":"Chalets de lujo en Sitges - La Clau Elite","og_description":"\u00bfQuiere invertir en\u00a0chalets de lujo en Sitges? Si est\u00e1 algo indeciso Aqu\u00ed le presentamos el porqu\u00e9 deber\u00eda invertir en\u00a0\u00a0chalet de lujo en Sitges. Aunque desde el principio le decimos que no se arrepentir\u00e1. En primer lugar, Sitges se caracteriza por tener una ampl\u00edsima oferta de costa. Podr\u00e1 elegir entre 17 playas distintas cada una con [&hellip;]","og_url":"https:\/\/www.laclauelite.com\/fr\/chalets-lujo-sitges-2\/","og_site_name":"La Clau Elite","twitter_misc":{"Dur\u00e9e de lecture estim\u00e9e":"2 minutes"},"schema":{"@context":"https:\/\/schema.org","@graph":[{"@type":"WebPage","@id":"https:\/\/www.laclauelite.com\/fr\/chalets-lujo-sitges-2\/","url":"https:\/\/www.laclauelite.com\/fr\/chalets-lujo-sitges-2\/","name":"Chalets de lujo en Sitges - La Clau Elite","isPartOf":{"@id":"https:\/\/www.laclauelite.com\/#website"},"datePublished":"2021-09-24T12:12:28+00:00","dateModified":"2021-09-24T12:12:28+00:00","breadcrumb":{"@id":"https:\/\/www.laclauelite.com\/fr\/chalets-lujo-sitges-2\/#breadcrumb"},"inLanguage":"fr-FR","potentialAction":[{"@type":"ReadAction","target":["https:\/\/www.laclauelite.com\/fr\/chalets-lujo-sitges-2\/"]}]},{"@type":"BreadcrumbList","@id":"https:\/\/www.laclauelite.com\/fr\/chalets-lujo-sitges-2\/#breadcrumb","itemListElement":[{"@type":"ListItem","position":1,"name":"Portada","item":"https:\/\/www.laclauelite.com\/"},{"@type":"ListItem","position":2,"name":"Chalets de lujo en Sitges"}]},{"@type":"WebSite","@id":"https:\/\/www.laclauelite.com\/#website","url":"https:\/\/www.laclauelite.com\/","name":"La Clau Elite","description":"","potentialAction":[{"@type":"SearchAction","target":{"@type":"EntryPoint","urlTemplate":"https:\/\/www.laclauelite.com\/?s={search_term_string}"},"query-input":"required name=search_term_string"}],"inLanguage":"fr-FR"}]}},"_links":{"self":[{"href":"https:\/\/www.laclauelite.com\/fr\/wp-json\/wp\/v2\/pages\/8337"}],"collection":[{"href":"https:\/\/www.laclauelite.com\/fr\/wp-json\/wp\/v2\/pages"}],"about":[{"href":"https:\/\/www.laclauelite.com\/fr\/wp-json\/wp\/v2\/types\/page"}],"author":[{"embeddable":true,"href":"https:\/\/www.laclauelite.com\/fr\/wp-json\/wp\/v2\/users\/6"}],"replies":[{"embeddable":true,"href":"https:\/\/www.laclauelite.com\/fr\/wp-json\/wp\/v2\/comments?post=8337"}],"version-history":[{"count":0,"href":"https:\/\/www.laclauelite.com\/fr\/wp-json\/wp\/v2\/pages\/8337\/revisions"}],"wp:attachment":[{"href":"https:\/\/www.laclauelite.com\/fr\/wp-json\/wp\/v2\/media?parent=8337"}],"curies":[{"name":"wp","href":"https:\/\/api.w.org\/{rel}","templated":true}]}}